{"id":446,"date":"2025-09-30T18:29:51","date_gmt":"2025-09-30T16:29:51","guid":{"rendered":"https:\/\/fripart-shop.de\/produkt\/organic-cotton-beanie-fripart-beanie"},"modified":"2025-10-05T17:32:34","modified_gmt":"2025-10-05T15:32:34","slug":"organic-cotton-beanie-fripart-beanie","status":"publish","type":"product","link":"https:\/\/fripart-shop.de\/en\/product\/organic-cotton-beanie-fripart-beanie","title":{"rendered":"Beanie | Fripart &#8211; Beanie"},"content":{"rendered":"<p>Diese Beanie aus 100 % Bio-Baumwolle ist nicht nur weich und bequem, sondern auch umweltfreundlich. Das leichte und atmungsaktive Material sorgt f\u00fcr eine bequeme Passform und eignet sich sowohl f\u00fcr drinnen als auch drau\u00dfen.<\/p>","protected":false},"excerpt":{"rendered":"<p>Diese Beanie aus 100 % Bio-Baumwolle ist nicht nur weich und bequem, sondern auch umweltfreundlich. Das leichte und atmungsaktive Material sorgt f\u00fcr eine bequeme Passform und eignet sich sowohl f\u00fcr drinnen als auch drau\u00dfen.<\/p>","protected":false},"featured_media":445,"comment_status":"open","ping_status":"closed","template":"","meta":[],"product_brand":[],"product_cat":[24],"product_tag":[],"class_list":{"0":"post-446","1":"product","2":"type-product","3":"status-publish","4":"has-post-thumbnail","6":"product_cat-accessoires-and-beanies","8":"first","9":"instock","10":"taxable","11":"shipping-taxable","12":"purchasable","13":"product-type-variable"},"jetpack_sharing_enabled":true,"_links":{"self":[{"href":"https:\/\/fripart-shop.de\/en\/wp-json\/wp\/v2\/product\/446","targetHints":{"allow":["GET"]}}],"collection":[{"href":"https:\/\/fripart-shop.de\/en\/wp-json\/wp\/v2\/product"}],"about":[{"href":"https:\/\/fripart-shop.de\/en\/wp-json\/wp\/v2\/types\/product"}],"replies":[{"embeddable":true,"href":"https:\/\/fripart-shop.de\/en\/wp-json\/wp\/v2\/comments?post=446"}],"wp:featuredmedia":[{"embeddable":true,"href":"https:\/\/fripart-shop.de\/en\/wp-json\/wp\/v2\/media\/445"}],"wp:attachment":[{"href":"https:\/\/fripart-shop.de\/en\/wp-json\/wp\/v2\/media?parent=446"}],"wp:term":[{"taxonomy":"product_brand","embeddable":true,"href":"https:\/\/fripart-shop.de\/en\/wp-json\/wp\/v2\/product_brand?post=446"},{"taxonomy":"product_cat","embeddable":true,"href":"https:\/\/fripart-shop.de\/en\/wp-json\/wp\/v2\/product_cat?post=446"},{"taxonomy":"product_tag","embeddable":true,"href":"https:\/\/fripart-shop.de\/en\/wp-json\/wp\/v2\/product_tag?post=446"}],"curies":[{"name":"wp","href":"https:\/\/api.w.org\/{rel}","templated":true}]}}