{"id":705,"date":"2025-10-06T08:22:20","date_gmt":"2025-10-06T06:22:20","guid":{"rendered":"https:\/\/fripart-shop.de\/?page_id=705"},"modified":"2025-10-06T08:22:20","modified_gmt":"2025-10-06T06:22:20","slug":"impressum","status":"publish","type":"page","link":"https:\/\/fripart-shop.de\/en\/impressum","title":{"rendered":"Impressum"},"content":{"rendered":"<p class=\"has-text-align-center\"><em>Mathilde Renaud<\/em><\/p>\n\n\n\n<p class=\"has-text-align-center\"><em>OnlineShop mit Prin &#8211; On -Demand.<\/em><\/p>\n\n\n\n<p class=\"has-text-align-center\"><em>Ellerstra\u00dfe 25<\/em><\/p>\n\n\n\n<p class=\"has-text-align-center\"><em>42697 Solingen<\/em><\/p>\n\n\n\n<p class=\"has-text-align-center\"><em>Kontakt<\/em><\/p>\n\n\n\n<p class=\"has-text-align-center\"><em>Telefon: +4917666642932<\/em><\/p>\n\n\n\n<p class=\"has-text-align-center\"><em>E-Mail: fripartshop@gmail.com<\/em><\/p>\n\n\n\n<p class=\"has-text-align-center\"><em>Verbraucherstreitbeilegung\/Universalschlichtungsstelle<\/em><\/p>\n\n\n\n<p class=\"has-text-align-center\"><em>Wir sind nicht bereit oder verpflichtet, an Streitbeilegungsverfahren vor einer<\/em><\/p>\n\n\n\n<p class=\"has-text-align-center\"><em>Verbraucherschlichtungsstelle teilzunehmen.<\/em><\/p>\n\n\n\n<p class=\"has-text-align-center\"><em>Zentrale Kontaktstelle nach dem Digital Services Act &#8211; DSA<\/em><\/p>\n\n\n\n<p class=\"has-text-align-center\"><em>(Verordnung (EU) 2022\/265)<\/em><\/p>\n\n\n\n<p class=\"has-text-align-center\"><em>Unsere zentrale Kontaktstelle f\u00fcr Nutzer und Beh\u00f6rden nach Art. 11, 12 DSA erreichen Sie wie folgt:<\/em><\/p>\n\n\n\n<p class=\"has-text-align-center\"><em>E-Mail: fripartshop@gmail.com<\/em><\/p>\n\n\n\n<p class=\"has-text-align-center\"><em>Telefon: +4917666642932<\/em><\/p>\n\n\n\n<p class=\"has-text-align-center\"><em>Die f\u00fcr den Kontakt zur Verf\u00fcgung stehenden Sprachen sind: Deutsch, Englisch, Franz\u00f6sisch<\/em><\/p>","protected":false},"excerpt":{"rendered":"<p>Mathilde Renaud OnlineShop mit Prin &#8211; On -Demand. Ellerstra\u00dfe 25 42697 Solingen Kontakt Telefon: +4917666642932 E-Mail: fripartshop@gmail.com Verbraucherstreitbeilegung\/Universalschlichtungsstelle Wir sind nicht bereit oder verpflichtet, an Streitbeilegungsverfahren vor einer Verbraucherschlichtungsstelle teilzunehmen. Zentrale Kontaktstelle nach dem Digital Services Act &#8211; DSA (Verordnung (EU) 2022\/265) Unsere zentrale Kontaktstelle f\u00fcr Nutzer und Beh\u00f6rden nach Art. 11, 12 DSA erreichen [&hellip;]<\/p>","protected":false},"author":1,"featured_media":0,"parent":0,"menu_order":0,"comment_status":"closed","ping_status":"closed","template":"","meta":{"footnotes":""},"class_list":["post-705","page","type-page","status-publish","hentry"],"jetpack_sharing_enabled":true,"_links":{"self":[{"href":"https:\/\/fripart-shop.de\/en\/wp-json\/wp\/v2\/pages\/705","targetHints":{"allow":["GET"]}}],"collection":[{"href":"https:\/\/fripart-shop.de\/en\/wp-json\/wp\/v2\/pages"}],"about":[{"href":"https:\/\/fripart-shop.de\/en\/wp-json\/wp\/v2\/types\/page"}],"author":[{"embeddable":true,"href":"https:\/\/fripart-shop.de\/en\/wp-json\/wp\/v2\/users\/1"}],"replies":[{"embeddable":true,"href":"https:\/\/fripart-shop.de\/en\/wp-json\/wp\/v2\/comments?post=705"}],"version-history":[{"count":1,"href":"https:\/\/fripart-shop.de\/en\/wp-json\/wp\/v2\/pages\/705\/revisions"}],"predecessor-version":[{"id":706,"href":"https:\/\/fripart-shop.de\/en\/wp-json\/wp\/v2\/pages\/705\/revisions\/706"}],"wp:attachment":[{"href":"https:\/\/fripart-shop.de\/en\/wp-json\/wp\/v2\/media?parent=705"}],"curies":[{"name":"wp","href":"https:\/\/api.w.org\/{rel}","templated":true}]}}