{"id":625,"date":"2025-10-04T15:01:50","date_gmt":"2025-10-04T13:01:50","guid":{"rendered":"https:\/\/fripart-shop.de\/produkt\/beanie-beechfield-fripart"},"modified":"2025-10-04T15:50:47","modified_gmt":"2025-10-04T13:50:47","slug":"beanie-beechfield-fripart","status":"publish","type":"product","link":"https:\/\/fripart-shop.de\/de_de\/produkt\/beanie-beechfield-fripart","title":{"rendered":"Beanie Beechfield &#8211; Fripart &#8211;"},"content":{"rendered":"<p>Bleiben Sie warm und stylisch mit der Beechfield Original Cuffed Beanie. Diese Beanie besteht haupts\u00e4chlich aus weichem Acryl und ist sowohl bequem als auch langlebig. Das doppellagige Strickdesign sorgt f\u00fcr W\u00e4rme, w\u00e4hrend der Umschlag einen trendigen Look und optimale Veredelungsm\u00f6glichkeiten bietet.<\/p>\n","protected":false},"excerpt":{"rendered":"<p>Bleiben Sie warm und stylisch mit der Beechfield Original Cuffed Beanie. Diese Beanie besteht haupts\u00e4chlich aus weichem Acryl und ist sowohl bequem als auch langlebig. Das doppellagige Strickdesign sorgt f\u00fcr W\u00e4rme, w\u00e4hrend der Umschlag einen trendigen Look und optimale Veredelungsm\u00f6glichkeiten bietet.<\/p>\n","protected":false},"featured_media":624,"comment_status":"open","ping_status":"closed","template":"","meta":[],"product_brand":[],"product_cat":[24],"product_tag":[],"class_list":{"0":"post-625","1":"product","2":"type-product","3":"status-publish","4":"has-post-thumbnail","6":"product_cat-accessoires-and-beanies","8":"first","9":"instock","10":"taxable","11":"shipping-taxable","12":"purchasable","13":"product-type-variable"},"jetpack_sharing_enabled":true,"_links":{"self":[{"href":"https:\/\/fripart-shop.de\/de_de\/wp-json\/wp\/v2\/product\/625","targetHints":{"allow":["GET"]}}],"collection":[{"href":"https:\/\/fripart-shop.de\/de_de\/wp-json\/wp\/v2\/product"}],"about":[{"href":"https:\/\/fripart-shop.de\/de_de\/wp-json\/wp\/v2\/types\/product"}],"replies":[{"embeddable":true,"href":"https:\/\/fripart-shop.de\/de_de\/wp-json\/wp\/v2\/comments?post=625"}],"wp:featuredmedia":[{"embeddable":true,"href":"https:\/\/fripart-shop.de\/de_de\/wp-json\/wp\/v2\/media\/624"}],"wp:attachment":[{"href":"https:\/\/fripart-shop.de\/de_de\/wp-json\/wp\/v2\/media?parent=625"}],"wp:term":[{"taxonomy":"product_brand","embeddable":true,"href":"https:\/\/fripart-shop.de\/de_de\/wp-json\/wp\/v2\/product_brand?post=625"},{"taxonomy":"product_cat","embeddable":true,"href":"https:\/\/fripart-shop.de\/de_de\/wp-json\/wp\/v2\/product_cat?post=625"},{"taxonomy":"product_tag","embeddable":true,"href":"https:\/\/fripart-shop.de\/de_de\/wp-json\/wp\/v2\/product_tag?post=625"}],"curies":[{"name":"wp","href":"https:\/\/api.w.org\/{rel}","templated":true}]}}