{"id":255,"date":"2025-09-30T17:46:52","date_gmt":"2025-09-30T15:46:52","guid":{"rendered":"https:\/\/fripart-shop.de\/?post_type=product&#038;p=255"},"modified":"2025-10-04T15:54:59","modified_gmt":"2025-10-04T13:54:59","slug":"sweat-shirt-love","status":"publish","type":"product","link":"https:\/\/fripart-shop.de\/de_de\/produkt\/sweat-shirt-love","title":{"rendered":"Sweat-shirt- LOVE-"},"content":{"rendered":"<p>Ein vielseitiges, umweltfreundliches Unisex-Sweatshirt aus einer Mischung aus Baumwolle und recyceltem Polyester.<\/p>\n<p>Geb\u00fcrstetes Fleece f\u00fcr zus\u00e4tzliche W\u00e4rme und Komfort.<br \/>\nAus 80 % Baumwolle und 20 % recyceltem Polyester, GRS-zertifiziert.<\/p>\n","protected":false},"excerpt":{"rendered":"<p>Ein vielseitiges, umweltfreundliches Unisex-Sweatshirt aus einer Mischung aus Baumwolle und recyceltem Polyester. Geb\u00fcrstetes Fleece f\u00fcr zus\u00e4tzliche W\u00e4rme und Komfort. Aus 80 % Baumwolle und 20 % recyceltem Polyester, GRS-zertifiziert.<\/p>\n","protected":false},"featured_media":254,"comment_status":"open","ping_status":"closed","template":"","meta":[],"product_brand":[],"product_cat":[23],"product_tag":[20],"class_list":{"0":"post-255","1":"product","2":"type-product","3":"status-publish","4":"has-post-thumbnail","6":"product_cat-sweat-shirts","7":"product_tag-frpartshop","9":"first","10":"instock","11":"taxable","12":"shipping-taxable","13":"purchasable","14":"product-type-variable"},"jetpack_sharing_enabled":true,"_links":{"self":[{"href":"https:\/\/fripart-shop.de\/de_de\/wp-json\/wp\/v2\/product\/255","targetHints":{"allow":["GET"]}}],"collection":[{"href":"https:\/\/fripart-shop.de\/de_de\/wp-json\/wp\/v2\/product"}],"about":[{"href":"https:\/\/fripart-shop.de\/de_de\/wp-json\/wp\/v2\/types\/product"}],"replies":[{"embeddable":true,"href":"https:\/\/fripart-shop.de\/de_de\/wp-json\/wp\/v2\/comments?post=255"}],"wp:featuredmedia":[{"embeddable":true,"href":"https:\/\/fripart-shop.de\/de_de\/wp-json\/wp\/v2\/media\/254"}],"wp:attachment":[{"href":"https:\/\/fripart-shop.de\/de_de\/wp-json\/wp\/v2\/media?parent=255"}],"wp:term":[{"taxonomy":"product_brand","embeddable":true,"href":"https:\/\/fripart-shop.de\/de_de\/wp-json\/wp\/v2\/product_brand?post=255"},{"taxonomy":"product_cat","embeddable":true,"href":"https:\/\/fripart-shop.de\/de_de\/wp-json\/wp\/v2\/product_cat?post=255"},{"taxonomy":"product_tag","embeddable":true,"href":"https:\/\/fripart-shop.de\/de_de\/wp-json\/wp\/v2\/product_tag?post=255"}],"curies":[{"name":"wp","href":"https:\/\/api.w.org\/{rel}","templated":true}]}}