{"id":511,"date":"2025-10-03T15:42:19","date_gmt":"2025-10-03T13:42:19","guid":{"rendered":"https:\/\/fripart-shop.de\/?page_id=511"},"modified":"2025-10-03T15:50:15","modified_gmt":"2025-10-03T13:50:15","slug":"ueber-mich","status":"publish","type":"page","link":"https:\/\/fripart-shop.de\/de_de\/ueber-mich","title":{"rendered":"\u00dcber mich"},"content":{"rendered":"\n<p class=\"has-text-align-center has-base-color has-text-color has-link-color has-large-font-size wp-elements-aabce969947fb2425e37cef1d9b99d56\">Hallo und herzlich willkommen bei&nbsp;<strong>FripartShop<\/strong>!<\/p>\n\n\n\n<p class=\"has-text-align-center has-base-color has-text-color has-link-color has-bodoni-moda-font-family has-medium-font-size wp-elements-81b7d9400d1faddc2f783d744005a1bf\" style=\"font-style:normal;font-weight:700\">Ich bin Mathilde, und ich bin die Gr\u00fcnderin hinter FripartShop \u2013 einem kleinen, kreativen Label, das im Jahr 2024 entstanden ist. Urspr\u00fcnglich habe ich die Plattform ins Leben gerufen, um meine Collage-Kunst online zu pr\u00e4sentieren und \u00fcber <a href=\"https:\/\/www.etsy.com\/de\/shop\/FripartShop?ref=shop_sugg_market\" data-type=\"link\" data-id=\"https:\/\/www.etsy.com\/de\/shop\/FripartShop?ref=shop_sugg_market\">Etsy<\/a> zu verkaufen. Doch wie das mit kreativen Projekten oft ist: Sie entwickeln sich weiter.<\/p>\n\n\n\n<p class=\"has-text-align-center has-base-color has-text-color has-link-color has-bodoni-moda-font-family has-medium-font-size wp-elements-3f6a78c135f1b10bb9e1fa0abb07203e\" style=\"font-style:normal;font-weight:700\">Mit der Zeit habe ich meine Leidenschaft f\u00fcr&nbsp;<strong>Grafikdesign<\/strong>&nbsp;entdeckt. Daraus entstand die Idee, eigene Designs auf T-Shirts zu bringen \u2013 zun\u00e4chst im&nbsp;<strong>Print-on-Demand-Verfahren<\/strong>. So wird jedes Shirt erst dann produziert, wenn es auch wirklich bestellt wird. Diese Form der Herstellung vermeidet \u00dcberproduktion und ist ein Schritt in Richtung nachhaltigerem Konsum \u2013 ein Thema, das mir sehr am Herzen liegt.<\/p>\n\n\n\n<p class=\"has-text-align-center has-base-color has-text-color has-link-color has-bodoni-moda-font-family has-medium-font-size wp-elements-36f408835c259fc952181cb82ad87237\" style=\"font-style:normal;font-weight:700\">Aktuell lerne ich au\u00dferdem das&nbsp;<strong>Siebdruckverfahren<\/strong>, um in Zukunft meine T-Shirts eigenst\u00e4ndig und lokal zu bedrucken. Das Projekt ist noch im Aufbau, aber das Ziel ist klar: ein m\u00f6glichst umweltfreundlicher, individueller und pers\u00f6nlicher Produktionsprozess.<\/p>\n\n\n\n<p class=\"has-text-align-center has-base-color has-text-color has-link-color has-bodoni-moda-font-family has-medium-font-size wp-elements-b4d0c78591967175f161c9f87ccb2e51\" style=\"font-style:normal;font-weight:700\">Die T-Shirts selbst stammen derzeit noch nicht aus europ\u00e4ischer Herstellung, werden aber&nbsp;<strong>in Europa bedruckt und von hier aus verschickt<\/strong>. Ich arbeite daran, auch in diesem Bereich noch nachhaltigere L\u00f6sungen zu finden.<\/p>\n\n\n\n<p class=\"has-text-align-center has-base-color has-text-color has-link-color has-bodoni-moda-font-family has-medium-font-size wp-elements-ef3d43bb867b6b63c626e50371499a30\" style=\"font-style:normal;font-weight:700\"><strong>FripartShop<\/strong>\u00a0steht f\u00fcr kreative, handgemachte Designs mit einer pers\u00f6nlichen Note \u2013 inspiriert von Kunst, Alltag und allem dazwischen. <\/p>\n\n\n\n<p class=\"has-text-align-center has-base-color has-text-color has-link-color has-bodoni-moda-font-family has-medium-font-size wp-elements-b01a164da326634a30b6dfd07e508435\" style=\"font-style:normal;font-weight:700\">Ich freue mich sehr, dass Sie hier sind, und lade Sie herzlich ein, in meinem Shop zu st\u00f6bern!<\/p>\n\n\n\n<div class=\"wp-block-group alignfull is-vertical is-content-justification-center is-layout-flex wp-container-core-group-is-layout-838cd1cc wp-block-group-is-layout-flex\" style=\"padding-top:var(--wp--preset--spacing--40);padding-bottom:var(--wp--preset--spacing--50)\"><div class=\"is-default-size wp-block-site-logo\"><a href=\"https:\/\/fripart-shop.de\/de_de\/\" class=\"custom-logo-link\" rel=\"home\"><img loading=\"lazy\" decoding=\"async\" width=\"805\" height=\"989\" src=\"https:\/\/fripart-shop.de\/wp-content\/uploads\/2025\/09\/F_Logo_Orange.png\" class=\"custom-logo\" alt=\"Fripartshop\" srcset=\"https:\/\/fripart-shop.de\/wp-content\/uploads\/2025\/09\/F_Logo_Orange.png 805w, https:\/\/fripart-shop.de\/wp-content\/uploads\/2025\/09\/F_Logo_Orange-600x737.png 600w, https:\/\/fripart-shop.de\/wp-content\/uploads\/2025\/09\/F_Logo_Orange-244x300.png 244w, https:\/\/fripart-shop.de\/wp-content\/uploads\/2025\/09\/F_Logo_Orange-768x944.png 768w\" sizes=\"auto, (max-width: 805px) 100vw, 805px\" \/><\/a><\/div>\n\n\n<ul class=\"wp-block-social-links is-layout-flex wp-block-social-links-is-layout-flex\"><li class=\"wp-social-link wp-social-link-etsy  wp-block-social-link\"><a href=\"https:\/\/www.etsy.com\/de\/shop\/FripartShop?ref=shop_sugg_market\" class=\"wp-block-social-link-anchor\"><svg width=\"24\" height=\"24\" viewBox=\"0 0 24 24\" version=\"1.1\" xmlns=\"http:\/\/www.w3.org\/2000\/svg\" aria-hidden=\"true\" focusable=\"false\"><path d=\"M9.16033,4.038c0-.27174.02717-.43478.48913-.43478h6.22283c1.087,0,1.68478.92391,2.11957,2.663l.35326,1.38587h1.05978C19.59511,3.712,19.75815,2,19.75815,2s-2.663.29891-4.23913.29891h-7.962L3.29076,2.163v1.1413L4.731,3.57609c1.00543.19022,1.25.40761,1.33152,1.33152,0,0,.08152,2.71739.08152,7.20109s-.08152,7.17391-.08152,7.17391c0,.81522-.32609,1.11413-1.33152,1.30435l-1.44022.27174V22l4.2663-.13587h7.11957c1.60326,0,5.32609.13587,5.32609.13587.08152-.97826.625-5.40761.70652-5.89674H19.7038L18.644,18.52174c-.84239,1.90217-2.06522,2.038-3.42391,2.038H11.1712c-1.3587,0-2.01087-.54348-2.01087-1.712V12.65217s3.0163,0,3.99457.08152c.76087.05435,1.22283.27174,1.46739,1.33152l.32609,1.413h1.16848l-.08152-3.55978.163-3.587H15.02989l-.38043,1.57609c-.24457,1.03261-.40761,1.22283-1.46739,1.33152-1.38587.13587-4.02174.1087-4.02174.1087Z\"><\/path><\/svg><span class=\"wp-block-social-link-label screen-reader-text\">Etsy<\/span><\/a><\/li>\n\n<li class=\"wp-social-link wp-social-link-facebook  wp-block-social-link\"><a href=\"https:\/\/www.facebook.com\/61568634009373\/videos\/\" class=\"wp-block-social-link-anchor\"><svg width=\"24\" height=\"24\" viewBox=\"0 0 24 24\" version=\"1.1\" xmlns=\"http:\/\/www.w3.org\/2000\/svg\" aria-hidden=\"true\" focusable=\"false\"><path d=\"M12 2C6.5 2 2 6.5 2 12c0 5 3.7 9.1 8.4 9.9v-7H7.9V12h2.5V9.8c0-2.5 1.5-3.9 3.8-3.9 1.1 0 2.2.2 2.2.2v2.5h-1.3c-1.2 0-1.6.8-1.6 1.6V12h2.8l-.4 2.9h-2.3v7C18.3 21.1 22 17 22 12c0-5.5-4.5-10-10-10z\"><\/path><\/svg><span class=\"wp-block-social-link-label screen-reader-text\">Facebook<\/span><\/a><\/li>\n\n<li class=\"wp-social-link wp-social-link-instagram  wp-block-social-link\"><a href=\"https:\/\/www.instagram.com\/fripartshop\/\" class=\"wp-block-social-link-anchor\"><svg width=\"24\" height=\"24\" viewBox=\"0 0 24 24\" version=\"1.1\" xmlns=\"http:\/\/www.w3.org\/2000\/svg\" aria-hidden=\"true\" focusable=\"false\"><path d=\"M12,4.622c2.403,0,2.688,0.009,3.637,0.052c0.877,0.04,1.354,0.187,1.671,0.31c0.42,0.163,0.72,0.358,1.035,0.673 c0.315,0.315,0.51,0.615,0.673,1.035c0.123,0.317,0.27,0.794,0.31,1.671c0.043,0.949,0.052,1.234,0.052,3.637 s-0.009,2.688-0.052,3.637c-0.04,0.877-0.187,1.354-0.31,1.671c-0.163,0.42-0.358,0.72-0.673,1.035 c-0.315,0.315-0.615,0.51-1.035,0.673c-0.317,0.123-0.794,0.27-1.671,0.31c-0.949,0.043-1.233,0.052-3.637,0.052 s-2.688-0.009-3.637-0.052c-0.877-0.04-1.354-0.187-1.671-0.31c-0.42-0.163-0.72-0.358-1.035-0.673 c-0.315-0.315-0.51-0.615-0.673-1.035c-0.123-0.317-0.27-0.794-0.31-1.671C4.631,14.688,4.622,14.403,4.622,12 s0.009-2.688,0.052-3.637c0.04-0.877,0.187-1.354,0.31-1.671c0.163-0.42,0.358-0.72,0.673-1.035 c0.315-0.315,0.615-0.51,1.035-0.673c0.317-0.123,0.794-0.27,1.671-0.31C9.312,4.631,9.597,4.622,12,4.622 M12,3 C9.556,3,9.249,3.01,8.289,3.054C7.331,3.098,6.677,3.25,6.105,3.472C5.513,3.702,5.011,4.01,4.511,4.511 c-0.5,0.5-0.808,1.002-1.038,1.594C3.25,6.677,3.098,7.331,3.054,8.289C3.01,9.249,3,9.556,3,12c0,2.444,0.01,2.751,0.054,3.711 c0.044,0.958,0.196,1.612,0.418,2.185c0.23,0.592,0.538,1.094,1.038,1.594c0.5,0.5,1.002,0.808,1.594,1.038 c0.572,0.222,1.227,0.375,2.185,0.418C9.249,20.99,9.556,21,12,21s2.751-0.01,3.711-0.054c0.958-0.044,1.612-0.196,2.185-0.418 c0.592-0.23,1.094-0.538,1.594-1.038c0.5-0.5,0.808-1.002,1.038-1.594c0.222-0.572,0.375-1.227,0.418-2.185 C20.99,14.751,21,14.444,21,12s-0.01-2.751-0.054-3.711c-0.044-0.958-0.196-1.612-0.418-2.185c-0.23-0.592-0.538-1.094-1.038-1.594 c-0.5-0.5-1.002-0.808-1.594-1.038c-0.572-0.222-1.227-0.375-2.185-0.418C14.751,3.01,14.444,3,12,3L12,3z M12,7.378 c-2.552,0-4.622,2.069-4.622,4.622S9.448,16.622,12,16.622s4.622-2.069,4.622-4.622S14.552,7.378,12,7.378z M12,15 c-1.657,0-3-1.343-3-3s1.343-3,3-3s3,1.343,3,3S13.657,15,12,15z M16.804,6.116c-0.596,0-1.08,0.484-1.08,1.08 s0.484,1.08,1.08,1.08c0.596,0,1.08-0.484,1.08-1.08S17.401,6.116,16.804,6.116z\"><\/path><\/svg><span class=\"wp-block-social-link-label screen-reader-text\">Instagram<\/span><\/a><\/li><\/ul>\n\n\n<nav class=\"has-text-color has-contrast-color has-small-font-size items-justified-center wp-block-navigation is-content-justification-center is-layout-flex wp-container-core-navigation-is-layout-a89b3969 wp-block-navigation-is-layout-flex\" aria-label=\"Navigation\"><ul class=\"wp-block-navigation__container has-text-color has-contrast-color has-small-font-size items-justified-center wp-block-navigation has-small-font-size\"><li class=\"has-small-font-size wp-block-navigation-item wp-block-navigation-link\"><a class=\"wp-block-navigation-item__content\"  href=\"https:\/\/fripart-shop.de\/kontakt\"><span class=\"wp-block-navigation-item__label\">KONTAKT<\/span><\/a><\/li><li class=\"has-small-font-size wp-block-navigation-item wp-block-navigation-link\"><a class=\"wp-block-navigation-item__content\"  href=\"https:\/\/fripart-shop.de\/mein-konto\"><span class=\"wp-block-navigation-item__label\">Mein Konto<\/span><\/a><\/li><li class=\"has-small-font-size wp-block-navigation-item wp-block-navigation-link\"><a class=\"wp-block-navigation-item__content\"  href=\"https:\/\/fripart-shop.de\/kasse\"><span class=\"wp-block-navigation-item__label\">Kasse<\/span><\/a><\/li><li class=\"has-small-font-size wp-block-navigation-item is-style-default wp-block-navigation-link\"><a class=\"wp-block-navigation-item__content\"  href=\"https:\/\/fripart-shop.de\/shop\"><span class=\"wp-block-navigation-item__label\">Shop<\/span><\/a><\/li><li class=\"has-small-font-size wp-block-navigation-item wp-block-navigation-link\"><a class=\"wp-block-navigation-item__content\"  href=\"https:\/\/fripart-shop.de\/ueber-mich\"><span class=\"wp-block-navigation-item__label\">\u00dcber mich<\/span><\/a><\/li><li class=\"has-small-font-size wp-block-navigation-item wp-block-navigation-link\"><a class=\"wp-block-navigation-item__content\"  href=\"https:\/\/fripart-shop.de\/impressum\"><span class=\"wp-block-navigation-item__label\">Impressum<\/span><\/a><\/li><\/ul><\/nav>\n\n\n<p class=\"has-text-align-center has-secondary-color has-text-color has-link-color has-small-font-size wp-elements-30dc247f8876b9f0da053d2ae153d1cf\">\n\tGestaltet mit <a href=\"https:\/\/de.wordpress.org\" rel=\"nofollow\">WordPress<\/a>\t<\/p>\n<\/div>\n","protected":false},"excerpt":{"rendered":"<p>Hallo und herzlich willkommen bei&nbsp;FripartShop! Ich bin Mathilde, und ich bin die Gr\u00fcnderin hinter FripartShop \u2013 einem kleinen, kreativen Label, das im Jahr 2024 entstanden ist. Urspr\u00fcnglich habe ich die Plattform ins Leben gerufen, um meine Collage-Kunst online zu pr\u00e4sentieren und \u00fcber Etsy zu verkaufen. Doch wie das mit kreativen Projekten oft ist: Sie entwickeln [&hellip;]<\/p>\n","protected":false},"author":1,"featured_media":0,"parent":0,"menu_order":0,"comment_status":"closed","ping_status":"closed","template":"","meta":{"footnotes":""},"class_list":["post-511","page","type-page","status-publish","hentry"],"jetpack_sharing_enabled":true,"_links":{"self":[{"href":"https:\/\/fripart-shop.de\/de_de\/wp-json\/wp\/v2\/pages\/511","targetHints":{"allow":["GET"]}}],"collection":[{"href":"https:\/\/fripart-shop.de\/de_de\/wp-json\/wp\/v2\/pages"}],"about":[{"href":"https:\/\/fripart-shop.de\/de_de\/wp-json\/wp\/v2\/types\/page"}],"author":[{"embeddable":true,"href":"https:\/\/fripart-shop.de\/de_de\/wp-json\/wp\/v2\/users\/1"}],"replies":[{"embeddable":true,"href":"https:\/\/fripart-shop.de\/de_de\/wp-json\/wp\/v2\/comments?post=511"}],"version-history":[{"count":3,"href":"https:\/\/fripart-shop.de\/de_de\/wp-json\/wp\/v2\/pages\/511\/revisions"}],"predecessor-version":[{"id":516,"href":"https:\/\/fripart-shop.de\/de_de\/wp-json\/wp\/v2\/pages\/511\/revisions\/516"}],"wp:attachment":[{"href":"https:\/\/fripart-shop.de\/de_de\/wp-json\/wp\/v2\/media?parent=511"}],"curies":[{"name":"wp","href":"https:\/\/api.w.org\/{rel}","templated":true}]}}